{"id":1146,"date":"2024-03-24T09:17:27","date_gmt":"2024-03-24T09:17:27","guid":{"rendered":"https:\/\/www.3dcut-makers.it\/?post_type=product&#038;p=1146"},"modified":"2024-10-16T11:55:33","modified_gmt":"2024-10-16T11:55:33","slug":"raise3d-df2","status":"publish","type":"product","link":"https:\/\/www.industrialserviceparts.it\/en\/prodotto\/raise3d-df2\/","title":{"rendered":"Raise3D DF2"},"content":{"rendered":"\t\t<div data-elementor-type=\"product-post\" data-elementor-id=\"1146\" class=\"elementor elementor-1146\" data-elementor-post-type=\"product\">\n\t\t\t\t<div class=\"elementor-element elementor-element-7154348a e-flex e-con-boxed e-con e-parent\" data-id=\"7154348a\" data-element_type=\"container\" data-e-type=\"container\">\n\t\t\t\t\t<div class=\"e-con-inner\">\n\t\t\t\t<div class=\"elementor-element elementor-element-27ba4291 elementor-widget elementor-widget-button\" data-id=\"27ba4291\" data-element_type=\"widget\" data-e-type=\"widget\" data-widget_type=\"button.default\">\n\t\t\t\t<div class=\"elementor-widget-container\">\n\t\t\t\t\t\t\t\t\t<div class=\"elementor-button-wrapper\">\n\t\t\t\t\t<a class=\"elementor-button elementor-button-link elementor-size-sm\" href=\"https:\/\/www.industrialserviceparts.it\/wp-content\/uploads\/2024\/05\/Datasheet-Raise3D-DF2.pdf\">\n\t\t\t\t\t\t<span class=\"elementor-button-content-wrapper\">\n\t\t\t\t\t\t\t\t\t<span class=\"elementor-button-text\">Scheda Tecnica<\/span>\n\t\t\t\t\t<\/span>\n\t\t\t\t\t<\/a>\n\t\t\t\t<\/div>\n\t\t\t\t\t\t\t\t<\/div>\n\t\t\t\t<\/div>\n\t\t\t\t<div class=\"elementor-element elementor-element-55ed469a elementor-widget elementor-widget-button\" data-id=\"55ed469a\" data-element_type=\"widget\" data-e-type=\"widget\" data-widget_type=\"button.default\">\n\t\t\t\t<div class=\"elementor-widget-container\">\n\t\t\t\t\t\t\t\t\t<div class=\"elementor-button-wrapper\">\n\t\t\t\t\t<a class=\"elementor-button elementor-button-link elementor-size-sm\" href=\"#\">\n\t\t\t\t\t\t<span class=\"elementor-button-content-wrapper\">\n\t\t\t\t\t\t\t\t\t<span class=\"elementor-button-text\">Richiedi Informazioni<\/span>\n\t\t\t\t\t<\/span>\n\t\t\t\t\t<\/a>\n\t\t\t\t<\/div>\n\t\t\t\t\t\t\t\t<\/div>\n\t\t\t\t<\/div>\n\t\t\t\t\t<\/div>\n\t\t\t\t<\/div>\n\t\t<div class=\"elementor-element elementor-element-486ce31e e-flex e-con-boxed e-con e-parent\" data-id=\"486ce31e\" data-element_type=\"container\" data-e-type=\"container\" data-settings=\"{&quot;background_background&quot;:&quot;classic&quot;}\">\n\t\t\t\t\t<div class=\"e-con-inner\">\n\t\t<div class=\"elementor-element elementor-element-793afb03 e-con-full e-flex e-con e-child\" data-id=\"793afb03\" data-element_type=\"container\" data-e-type=\"container\">\n\t\t\t\t<div class=\"elementor-element elementor-element-760e0fe6 elementor-widget elementor-widget-heading\" data-id=\"760e0fe6\" data-element_type=\"widget\" data-e-type=\"widget\" data-widget_type=\"heading.default\">\n\t\t\t\t<div class=\"elementor-widget-container\">\n\t\t\t\t\t<h2 class=\"elementor-heading-title elementor-size-default\">Raise3D DF2 Stampante 3D DLP<\/h2>\t\t\t\t<\/div>\n\t\t\t\t<\/div>\n\t\t\t\t<div class=\"elementor-element elementor-element-4ba7450e elementor-widget elementor-widget-text-editor\" data-id=\"4ba7450e\" data-element_type=\"widget\" data-e-type=\"widget\" data-widget_type=\"text-editor.default\">\n\t\t\t\t<div class=\"elementor-widget-container\">\n\t\t\t\t\t\t\t\t\t<p><strong>Raise3D DF2: Innovazione e Precisione nella Stampa 3D DLP<\/strong><\/p><p>La <strong>Raise3D DF2<\/strong> \u00e8 una stampante 3D DLP di ultima generazione progettata per offrire risultati di stampa di alta qualit\u00e0 con una notevole velocit\u00e0 e affidabilit\u00e0. Questa soluzione avanzata \u00e8 ideale per la prototipazione ingegneristica, gli aiuti alla produzione e la produzione a basso volume, supportata da una selezione di <strong>resine ingegneristiche ad alte prestazioni<\/strong>.<\/p><p><strong>Flusso di Lavoro Tracciabile con Tecnologia RFID:<\/strong> La tecnologia RFID integrata garantisce un <strong>flusso di lavoro tracciabile<\/strong> e coerente, automatizzando le impostazioni della stampante, del lavaggio e della cura attraverso ideaMaker. Questo sistema non solo risparmia tempo e costi, ma riduce anche gli errori umani, assicurando risultati consistenti e riproducibili.<\/p><p><strong>Dettagli ad Alta Definizione e Superfici Lisce:<\/strong> Grazie alla sua alta risoluzione di 2560 x 1440 e funzionalit\u00e0 come la <strong>Compensazione del Contorno<\/strong> e l&#8217;<strong>Anti-Aliasing<\/strong>, il DF2 produce dettagli molto fini e superfici estremamente lisce che aprono nuove possibilit\u00e0 nel design di parti complesse e di piccole dimensioni.<\/p><p><strong>Ottimizzazioni Software e Hardware per un Alto Tasso di Successo nella Prima Stampa:<\/strong> Il software ideaMaker, arricchito da funzioni come il <strong>Supporto Automatico<\/strong> e l&#8217;<strong>Orientamento Automatico<\/strong>, insieme alla tecnologia <strong>Air-Peel<\/strong>, migliora notevolmente l&#8217;affidabilit\u00e0 e il successo delle stampe, riducendo il bisogno di ristampe dispendiose.<\/p><p><strong>Piattaforma Aperta e Collaborazioni Strategiche:<\/strong> Raise3D continua a innovare nel campo della scienza dei materiali, sviluppando una vasta gamma di <strong>Resine DLP<\/strong> per applicazioni industriali e collaborando con partner come Henkel e BASF Forward AM per ampliare ulteriormente le opzioni disponibili agli utenti.<\/p><p><strong>Design Ottico di Grado Industriale e Controllo Qualit\u00e0:<\/strong> Componenti ottici di alta qualit\u00e0, inclusi il primo <strong>Chip DMD di Grado Industriale di Texas Instruments<\/strong> e il <strong>Vetro Ottico di Schott Germania<\/strong>, garantiscono una riproduzione precisa dei dettagli e una qualit\u00e0 della luce superiore.<\/p><p>Con la <strong>Raise3D DF2<\/strong>, le aziende possono sfruttare una stampante 3D DLP all&#8217;avanguardia che offre non solo velocit\u00e0 e precisione eccezionali, ma anche una gestione del flusso di lavoro ottimizzata e risultati di stampa di qualit\u00e0 superiore. Questo la rende la soluzione ideale per coloro che cercano di superare i limiti della stampa 3D digitale.<\/p>\t\t\t\t\t\t\t\t<\/div>\n\t\t\t\t<\/div>\n\t\t\t\t<\/div>\n\t\t<div class=\"elementor-element elementor-element-c9ebf40 e-con-full e-flex e-con e-child\" data-id=\"c9ebf40\" data-element_type=\"container\" data-e-type=\"container\">\n\t\t\t\t<div class=\"elementor-element elementor-element-36acc1fa elementor-widget elementor-widget-image\" data-id=\"36acc1fa\" data-element_type=\"widget\" data-e-type=\"widget\" data-widget_type=\"image.default\">\n\t\t\t\t<div class=\"elementor-widget-container\">\n\t\t\t\t\t\t\t\t\t\t\t\t\t\t\t<img fetchpriority=\"high\" decoding=\"async\" width=\"768\" height=\"249\" src=\"https:\/\/www.industrialserviceparts.it\/wp-content\/uploads\/2024\/03\/df2-768x249-1.webp\" class=\"attachment-large size-large wp-image-6583\" alt=\"-\" srcset=\"https:\/\/www.industrialserviceparts.it\/wp-content\/uploads\/2024\/03\/df2-768x249-1.webp 768w, https:\/\/www.industrialserviceparts.it\/wp-content\/uploads\/2024\/03\/df2-768x249-1-300x97.webp 300w, https:\/\/www.industrialserviceparts.it\/wp-content\/uploads\/2024\/03\/df2-768x249-1-600x195.webp 600w\" sizes=\"(max-width: 768px) 100vw, 768px\" title=\"-\">\t\t\t\t\t\t\t\t\t\t\t\t\t\t\t<\/div>\n\t\t\t\t<\/div>\n\t\t\t\t<div class=\"elementor-element elementor-element-bf4c02f elementor-widget elementor-widget-image\" data-id=\"bf4c02f\" data-element_type=\"widget\" data-e-type=\"widget\" data-widget_type=\"image.default\">\n\t\t\t\t<div class=\"elementor-widget-container\">\n\t\t\t\t\t\t\t\t\t\t\t\t\t\t\t<img decoding=\"async\" width=\"768\" height=\"744\" src=\"https:\/\/www.industrialserviceparts.it\/wp-content\/uploads\/2024\/03\/df2c-768x744-1.webp\" class=\"attachment-large size-large wp-image-6584\" alt=\"-\" srcset=\"https:\/\/www.industrialserviceparts.it\/wp-content\/uploads\/2024\/03\/df2c-768x744-1.webp 768w, https:\/\/www.industrialserviceparts.it\/wp-content\/uploads\/2024\/03\/df2c-768x744-1-300x291.webp 300w, https:\/\/www.industrialserviceparts.it\/wp-content\/uploads\/2024\/03\/df2c-768x744-1-600x581.webp 600w\" sizes=\"(max-width: 768px) 100vw, 768px\" title=\"-\">\t\t\t\t\t\t\t\t\t\t\t\t\t\t\t<\/div>\n\t\t\t\t<\/div>\n\t\t\t\t<div class=\"elementor-element elementor-element-2b0c5fa elementor-widget elementor-widget-image\" data-id=\"2b0c5fa\" data-element_type=\"widget\" data-e-type=\"widget\" data-widget_type=\"image.default\">\n\t\t\t\t<div class=\"elementor-widget-container\">\n\t\t\t\t\t\t\t\t\t\t\t\t\t\t\t<img decoding=\"async\" width=\"691\" height=\"610\" src=\"https:\/\/www.industrialserviceparts.it\/wp-content\/uploads\/2024\/03\/df2h-1.webp\" class=\"attachment-large size-large wp-image-6585\" alt=\"-\" srcset=\"https:\/\/www.industrialserviceparts.it\/wp-content\/uploads\/2024\/03\/df2h-1.webp 691w, https:\/\/www.industrialserviceparts.it\/wp-content\/uploads\/2024\/03\/df2h-1-300x265.webp 300w, https:\/\/www.industrialserviceparts.it\/wp-content\/uploads\/2024\/03\/df2h-1-600x530.webp 600w\" sizes=\"(max-width: 691px) 100vw, 691px\" title=\"-\">\t\t\t\t\t\t\t\t\t\t\t\t\t\t\t<\/div>\n\t\t\t\t<\/div>\n\t\t\t\t<\/div>\n\t\t\t\t\t<\/div>\n\t\t\t\t<\/div>\n\t\t\t\t<\/div>\n\t\t","protected":false},"excerpt":{"rendered":"<p>Raise3D DF2 offre un flusso di lavoro tracciabile dall&#8217;inizio alla fine per la stampa 3D DLP (Digital Light Processing), ottimizzata per prototipazione ingegneristica, aiuti alla produzione e produzione a basso volume con una selezione diversificata di resine ingegneristiche ad alte prestazioni. Utilizza tecnologia RFID per assicurare un flusso di lavoro tracciabile, riducendo i tempi di lavoro e i costi<\/p>\n","protected":false},"featured_media":1744,"template":"","meta":[],"product_brand":[],"product_cat":[84,287,80],"product_tag":[],"class_list":{"0":"post-1146","1":"product","2":"type-product","3":"status-publish","4":"has-post-thumbnail","6":"product_cat-stampanti-3d-a-resina","7":"product_cat-raise3d","8":"product_cat-stampanti-3d","9":"pa_area-di-lavoro-200-x-112-x-300-mm","10":"pa_formato-disegno-supportato-stl-obj-3mf-oltp","11":"pa_materiale-resine-raise3d","12":"pa_peso-40-kg","13":"pa_potenza-100-240-v-ac","14":"pa_produttore-raise3d","15":"pa_software-ideamaker","16":"pa_tecnologia-dlp-resin","17":"pa_velocita-stampa-25-mm-h","19":"first","20":"instock","21":"taxable","22":"shipping-taxable","23":"purchasable","24":"product-type-simple"},"_links":{"self":[{"href":"https:\/\/www.industrialserviceparts.it\/en\/wp-json\/wp\/v2\/product\/1146","targetHints":{"allow":["GET"]}}],"collection":[{"href":"https:\/\/www.industrialserviceparts.it\/en\/wp-json\/wp\/v2\/product"}],"about":[{"href":"https:\/\/www.industrialserviceparts.it\/en\/wp-json\/wp\/v2\/types\/product"}],"version-history":[{"count":14,"href":"https:\/\/www.industrialserviceparts.it\/en\/wp-json\/wp\/v2\/product\/1146\/revisions"}],"predecessor-version":[{"id":4570,"href":"https:\/\/www.industrialserviceparts.it\/en\/wp-json\/wp\/v2\/product\/1146\/revisions\/4570"}],"wp:featuredmedia":[{"embeddable":true,"href":"https:\/\/www.industrialserviceparts.it\/en\/wp-json\/wp\/v2\/media\/1744"}],"wp:attachment":[{"href":"https:\/\/www.industrialserviceparts.it\/en\/wp-json\/wp\/v2\/media?parent=1146"}],"wp:term":[{"taxonomy":"product_brand","embeddable":true,"href":"https:\/\/www.industrialserviceparts.it\/en\/wp-json\/wp\/v2\/product_brand?post=1146"},{"taxonomy":"product_cat","embeddable":true,"href":"https:\/\/www.industrialserviceparts.it\/en\/wp-json\/wp\/v2\/product_cat?post=1146"},{"taxonomy":"product_tag","embeddable":true,"href":"https:\/\/www.industrialserviceparts.it\/en\/wp-json\/wp\/v2\/product_tag?post=1146"}],"curies":[{"name":"wp","href":"https:\/\/api.w.org\/{rel}","templated":true}]}}