{"id":3091,"date":"2024-05-14T16:39:49","date_gmt":"2024-05-14T16:39:49","guid":{"rendered":"https:\/\/www.3dcut-makers.it\/?post_type=product&#038;p=3091"},"modified":"2025-02-17T17:31:40","modified_gmt":"2025-02-17T17:31:40","slug":"flashforge-creator-4","status":"publish","type":"product","link":"https:\/\/www.industrialserviceparts.it\/en\/prodotto\/flashforge-creator-4\/","title":{"rendered":"Flashforge Creator 4"},"content":{"rendered":"\t\t<div data-elementor-type=\"product-post\" data-elementor-id=\"3091\" class=\"elementor elementor-3091\" data-elementor-post-type=\"product\">\n\t\t\t\t<div class=\"elementor-element elementor-element-19812956 e-flex e-con-boxed e-con e-parent\" data-id=\"19812956\" data-element_type=\"container\" data-e-type=\"container\">\n\t\t\t\t\t<div class=\"e-con-inner\">\n\t\t\t\t<div class=\"elementor-element elementor-element-cbdca65 elementor-widget elementor-widget-button\" data-id=\"cbdca65\" data-element_type=\"widget\" data-e-type=\"widget\" data-widget_type=\"button.default\">\n\t\t\t\t<div class=\"elementor-widget-container\">\n\t\t\t\t\t\t\t\t\t<div class=\"elementor-button-wrapper\">\n\t\t\t\t\t<a class=\"elementor-button elementor-button-link elementor-size-sm\" href=\"https:\/\/www.industrialserviceparts.it\/wp-content\/uploads\/2024\/05\/Datasheet-Flashforge-Creator-4.pdf\">\n\t\t\t\t\t\t<span class=\"elementor-button-content-wrapper\">\n\t\t\t\t\t\t\t\t\t<span class=\"elementor-button-text\">Scheda Tecnica<\/span>\n\t\t\t\t\t<\/span>\n\t\t\t\t\t<\/a>\n\t\t\t\t<\/div>\n\t\t\t\t\t\t\t\t<\/div>\n\t\t\t\t<\/div>\n\t\t\t\t<div class=\"elementor-element elementor-element-7d4121e4 elementor-widget elementor-widget-button\" data-id=\"7d4121e4\" data-element_type=\"widget\" data-e-type=\"widget\" data-widget_type=\"button.default\">\n\t\t\t\t<div class=\"elementor-widget-container\">\n\t\t\t\t\t\t\t\t\t<div class=\"elementor-button-wrapper\">\n\t\t\t\t\t<a class=\"elementor-button elementor-button-link elementor-size-sm\" href=\"#\">\n\t\t\t\t\t\t<span class=\"elementor-button-content-wrapper\">\n\t\t\t\t\t\t\t\t\t<span class=\"elementor-button-text\">Richiedi Informazioni<\/span>\n\t\t\t\t\t<\/span>\n\t\t\t\t\t<\/a>\n\t\t\t\t<\/div>\n\t\t\t\t\t\t\t\t<\/div>\n\t\t\t\t<\/div>\n\t\t\t\t\t<\/div>\n\t\t\t\t<\/div>\n\t\t<div class=\"elementor-element elementor-element-79d5a010 e-flex e-con-boxed e-con e-parent\" data-id=\"79d5a010\" data-element_type=\"container\" data-e-type=\"container\" data-settings=\"{&quot;background_background&quot;:&quot;classic&quot;}\">\n\t\t\t\t\t<div class=\"e-con-inner\">\n\t\t<div class=\"elementor-element elementor-element-50a7acb1 e-con-full e-flex e-con e-child\" data-id=\"50a7acb1\" data-element_type=\"container\" data-e-type=\"container\">\n\t\t\t\t<div class=\"elementor-element elementor-element-34990c2d elementor-widget elementor-widget-heading\" data-id=\"34990c2d\" data-element_type=\"widget\" data-e-type=\"widget\" data-widget_type=\"heading.default\">\n\t\t\t\t<div class=\"elementor-widget-container\">\n\t\t\t\t\t<h2 class=\"elementor-heading-title elementor-size-default\">Flashforge Creator 4<\/h2>\t\t\t\t<\/div>\n\t\t\t\t<\/div>\n\t\t\t\t<div class=\"elementor-element elementor-element-2c86cf55 elementor-widget elementor-widget-text-editor\" data-id=\"2c86cf55\" data-element_type=\"widget\" data-e-type=\"widget\" data-widget_type=\"text-editor.default\">\n\t\t\t\t<div class=\"elementor-widget-container\">\n\t\t\t\t\t\t\t\t\t<p>La <strong>Flashforge Creator 4<\/strong>\u00a0\u00e8 una stampante 3D innovativa, progettata per massimizzare l&#8217;efficienza nella produzione di prototipi e nella produzione in serie, grazie alle sue caratteristiche avanzate che la rendono ideale per applicazioni industriali.<\/p><h3>Caratteristiche Principali della Flashforge Creator 4:<\/h3><ul><li><p><strong>Area di Costruzione Generosa<\/strong>: Dimensioni di 400mm x 350mm x 500mm, perfette per la produzione di prototipi di grandi dimensioni o la produzione in serie di modelli pi\u00f9 piccoli.<\/p><\/li><li><p><strong>Doppio Estrusore Indipendente (IDEX)<\/strong>: A differenza degli estrusori doppi tradizionali, durante la stampa di un estrusore, l&#8217;altro si allontana dall&#8217;area di stampa del modello, evitando cos\u00ec il rischio di gocciolamenti di filamento che potrebbero rovinare la qualit\u00e0 del modello. Questo sistema non solo migliora la qualit\u00e0 della stampa ma raddoppia anche la produzione quando si stampano modelli identici in serie.<\/p><\/li><li><p><strong>Camera di Costruzione Riscaldata<\/strong>: Il design avanzato del software di controllo termico pre-riscalda e mantiene la temperatura prima e dopo la stampa. Il sistema di controllo termico mantiene una temperatura costante della camera a 65\u2103, riducendo la contrazione termica del modello durante il processo di stampa e prevenendo deformazioni e crepe in filamenti ingegneristici come ABS, PC e PA.<\/p><\/li><li><p><strong>Alta Temperatura di Stampa<\/strong>: L&#8217;estrusore ad alta temperatura incluso permette di stampare la maggior parte dei filamenti disponibili sul mercato oggi, grazie a una temperatura operativa di 320\u00b0C. Filamenti supportati: PC, PA, PP, PETG, ASA, ABS, PLA, PC-ABS, PAHT.<\/p><\/li><li><p><strong>Piatto di Costruzione Riscaldato<\/strong>: Il piatto pu\u00f2 essere riscaldato fino a una temperatura di 120\u00b0C, facilitando la stampa di materiali come ABS e Nylon.<\/p><\/li><li><p><strong>Gestione Intelligente del Filamento<\/strong>: Prima della stampa, il sistema intelligente adatta automaticamente la temperatura in base al tipo di filamento utilizzato. Questa impostazione intelligente che mantiene la temperatura costante della camera garantisce una maggiore percentuale di successo nella stampa.<\/p><\/li><li><p><strong>Aria Pulita<\/strong>: Il filtro HEPA 13 incluso assicura che i fumi e le particelle nocive vengano filtrati prima di uscire dalla stampante, garantendo un ambiente di lavoro pi\u00f9 sicuro.<\/p><\/li><li><p><strong>Controllo tramite Telecamera<\/strong>: La telecamera integrata permette di monitorare la stampa in corso e visualizzare i progressi in tempo reale.<\/p><\/li><li><p><strong>Ripresa dopo Interruzione di Corrente<\/strong>: In caso di interruzione della stampa, \u00e8 possibile riprendere facilmente, salvando tempo, filamento e denaro.<\/p><\/li><\/ul><p>Queste caratteristiche fanno della <strong>Flashforge Creator 4<\/strong>\u00a0una scelta eccellente per chi cerca una stampante 3D in grado di affrontare sfide complesse, fornendo risultati di alta qualit\u00e0 e affidabilit\u00e0 in contesti industriali e professionali.<\/p>\t\t\t\t\t\t\t\t<\/div>\n\t\t\t\t<\/div>\n\t\t\t\t<\/div>\n\t\t<div class=\"elementor-element elementor-element-3ac7f295 e-con-full e-flex e-con e-child\" data-id=\"3ac7f295\" data-element_type=\"container\" data-e-type=\"container\">\n\t\t\t\t<div class=\"elementor-element elementor-element-692779ae elementor-widget elementor-widget-image\" data-id=\"692779ae\" data-element_type=\"widget\" data-e-type=\"widget\" data-widget_type=\"image.default\">\n\t\t\t\t<div class=\"elementor-widget-container\">\n\t\t\t\t\t\t\t\t\t\t\t\t\t\t\t<img decoding=\"async\" width=\"160\" height=\"202\" src=\"https:\/\/www.industrialserviceparts.it\/wp-content\/uploads\/2024\/05\/d199f0e4a2c09100960b125954cee540.webp\" class=\"attachment-large size-large wp-image-6643\" alt=\"-\" title=\"-\">\t\t\t\t\t\t\t\t\t\t\t\t\t\t\t<\/div>\n\t\t\t\t<\/div>\n\t\t\t\t<div class=\"elementor-element elementor-element-189408b elementor-widget elementor-widget-image\" data-id=\"189408b\" data-element_type=\"widget\" data-e-type=\"widget\" data-widget_type=\"image.default\">\n\t\t\t\t<div class=\"elementor-widget-container\">\n\t\t\t\t\t\t\t\t\t\t\t\t\t\t\t<img decoding=\"async\" width=\"160\" height=\"202\" src=\"https:\/\/www.industrialserviceparts.it\/wp-content\/uploads\/2024\/05\/dbc56b26565a7b8ef07158a428612387.webp\" class=\"attachment-large size-large wp-image-6644\" alt=\"-\" title=\"-\">\t\t\t\t\t\t\t\t\t\t\t\t\t\t\t<\/div>\n\t\t\t\t<\/div>\n\t\t\t\t<div class=\"elementor-element elementor-element-a783cc7 elementor-widget elementor-widget-image\" data-id=\"a783cc7\" data-element_type=\"widget\" data-e-type=\"widget\" data-widget_type=\"image.default\">\n\t\t\t\t<div class=\"elementor-widget-container\">\n\t\t\t\t\t\t\t\t\t\t\t\t\t\t\t<img decoding=\"async\" width=\"160\" height=\"202\" src=\"https:\/\/www.industrialserviceparts.it\/wp-content\/uploads\/2024\/05\/d5b76589e7a279de2a6ea0b67c372c70.webp\" class=\"attachment-large size-large wp-image-6642\" alt=\"-\" title=\"-\">\t\t\t\t\t\t\t\t\t\t\t\t\t\t\t<\/div>\n\t\t\t\t<\/div>\n\t\t\t\t<\/div>\n\t\t\t\t\t<\/div>\n\t\t\t\t<\/div>\n\t\t\t\t<\/div>\n\t\t","protected":false},"excerpt":{"rendered":"<p><strong>Flashforge Creator 4<\/strong> rappresenta un&#8217;avanzata soluzione nel campo delle stampanti 3D FDM con doppio estrusore. Questo modello si distingue per la sua versatilit\u00e0 e alte prestazioni, essendo progettato per adattarsi a una vasta gamma di applicazioni industriali grazie alla possibilit\u00e0 di cambiare facilmente tra diversi tipi di estrusori.<\/p>\n<ul>\n<li><strong>Estrusore HT<\/strong>: Questo estrusore \u00e8 in grado di raggiungere temperature fino a 320\u00b0C, il che lo rende ideale per la stampa di materiali termoplastici standard come PLA, ABS, e PETG, nonch\u00e9 materiali pi\u00f9 avanzati che richiedono una temperatura elevata per una corretta estrusione.<\/li>\n<li><strong>Estrusore HS<\/strong>: Specializzato per la stampa di materiali compositi, questo estrusore pu\u00f2 operare fino a 360\u00b0C, rendendolo perfetto per la stampa di filamenti rinforzati con fibra di carbonio. Questa caratteristica \u00e8 particolarmente utile per applicazioni che richiedono parti con elevata resistenza e rigidit\u00e0.<\/li>\n<li><strong>Estrusore HF<\/strong>: Specializzato per la stampa di materiali Flessibili di varia durezza. 2.85 mm<\/li>\n<\/ul>\n<p>La <strong>Flashforge Creator 4<\/strong>\u00a0\u00e8 quindi una stampante di alta gamma pensata per chi necessita di una soluzione flessibile e potente, capace di adattarsi rapidamente a diversi tipi di produzione. Con le sue alte temperature di estrusione e la possibilit\u00e0 di utilizzare estrusori specializzati, questa macchina \u00e8 ideale per un&#8217;ampia variet\u00e0 di settori, dalla ricerca e sviluppo alla produzione industriale, offrendo prestazioni eccellenti e una vasta gamma di opzioni di stampa.<\/p>\n","protected":false},"featured_media":3102,"template":"","meta":[],"product_brand":[],"product_cat":[80,169,82],"product_tag":[],"class_list":{"0":"post-3091","1":"product","2":"type-product","3":"status-publish","4":"has-post-thumbnail","6":"product_cat-stampanti-3d","7":"product_cat-flashforge","8":"product_cat-stampanti-3d-fdm","10":"first","11":"instock","12":"taxable","13":"shipping-taxable","14":"purchasable","15":"product-type-simple"},"_links":{"self":[{"href":"https:\/\/www.industrialserviceparts.it\/en\/wp-json\/wp\/v2\/product\/3091","targetHints":{"allow":["GET"]}}],"collection":[{"href":"https:\/\/www.industrialserviceparts.it\/en\/wp-json\/wp\/v2\/product"}],"about":[{"href":"https:\/\/www.industrialserviceparts.it\/en\/wp-json\/wp\/v2\/types\/product"}],"version-history":[{"count":17,"href":"https:\/\/www.industrialserviceparts.it\/en\/wp-json\/wp\/v2\/product\/3091\/revisions"}],"predecessor-version":[{"id":5504,"href":"https:\/\/www.industrialserviceparts.it\/en\/wp-json\/wp\/v2\/product\/3091\/revisions\/5504"}],"wp:featuredmedia":[{"embeddable":true,"href":"https:\/\/www.industrialserviceparts.it\/en\/wp-json\/wp\/v2\/media\/3102"}],"wp:attachment":[{"href":"https:\/\/www.industrialserviceparts.it\/en\/wp-json\/wp\/v2\/media?parent=3091"}],"wp:term":[{"taxonomy":"product_brand","embeddable":true,"href":"https:\/\/www.industrialserviceparts.it\/en\/wp-json\/wp\/v2\/product_brand?post=3091"},{"taxonomy":"product_cat","embeddable":true,"href":"https:\/\/www.industrialserviceparts.it\/en\/wp-json\/wp\/v2\/product_cat?post=3091"},{"taxonomy":"product_tag","embeddable":true,"href":"https:\/\/www.industrialserviceparts.it\/en\/wp-json\/wp\/v2\/product_tag?post=3091"}],"curies":[{"name":"wp","href":"https:\/\/api.w.org\/{rel}","templated":true}]}}