{"id":3768,"date":"2024-05-17T13:12:20","date_gmt":"2024-05-17T13:12:20","guid":{"rendered":"https:\/\/www.3dcut-makers.it\/?post_type=product&#038;p=3768"},"modified":"2024-11-05T07:55:49","modified_gmt":"2024-11-05T07:55:49","slug":"shining3d-accufab-l4k","status":"publish","type":"product","link":"https:\/\/www.industrialserviceparts.it\/en\/prodotto\/shining3d-accufab-l4k\/","title":{"rendered":"Shining3D AccuFab-L4K"},"content":{"rendered":"\t\t<div data-elementor-type=\"product-post\" data-elementor-id=\"3768\" class=\"elementor elementor-3768\" data-elementor-post-type=\"product\">\n\t\t\t\t<div class=\"elementor-element elementor-element-40226ea2 e-flex e-con-boxed e-con e-parent\" data-id=\"40226ea2\" data-element_type=\"container\" data-e-type=\"container\">\n\t\t\t\t\t<div class=\"e-con-inner\">\n\t\t\t\t<div class=\"elementor-element elementor-element-42c2b0fe elementor-widget elementor-widget-button\" data-id=\"42c2b0fe\" data-element_type=\"widget\" data-e-type=\"widget\" data-widget_type=\"button.default\">\n\t\t\t\t<div class=\"elementor-widget-container\">\n\t\t\t\t\t\t\t\t\t<div class=\"elementor-button-wrapper\">\n\t\t\t\t\t<a class=\"elementor-button elementor-button-link elementor-size-sm\" href=\"https:\/\/www.industrialserviceparts.it\/wp-content\/uploads\/2024\/05\/Datasheet-Shining3D-AccuFab-L4K.pdf\">\n\t\t\t\t\t\t<span class=\"elementor-button-content-wrapper\">\n\t\t\t\t\t\t\t\t\t<span class=\"elementor-button-text\">Scheda Tecnica<\/span>\n\t\t\t\t\t<\/span>\n\t\t\t\t\t<\/a>\n\t\t\t\t<\/div>\n\t\t\t\t\t\t\t\t<\/div>\n\t\t\t\t<\/div>\n\t\t\t\t<div class=\"elementor-element elementor-element-1d0bc38c elementor-widget elementor-widget-button\" data-id=\"1d0bc38c\" data-element_type=\"widget\" data-e-type=\"widget\" data-widget_type=\"button.default\">\n\t\t\t\t<div class=\"elementor-widget-container\">\n\t\t\t\t\t\t\t\t\t<div class=\"elementor-button-wrapper\">\n\t\t\t\t\t<a class=\"elementor-button elementor-button-link elementor-size-sm\" href=\"#\">\n\t\t\t\t\t\t<span class=\"elementor-button-content-wrapper\">\n\t\t\t\t\t\t\t\t\t<span class=\"elementor-button-text\">Richiedi Informazioni<\/span>\n\t\t\t\t\t<\/span>\n\t\t\t\t\t<\/a>\n\t\t\t\t<\/div>\n\t\t\t\t\t\t\t\t<\/div>\n\t\t\t\t<\/div>\n\t\t\t\t\t<\/div>\n\t\t\t\t<\/div>\n\t\t<div class=\"elementor-element elementor-element-2dff7fa3 e-flex e-con-boxed e-con e-parent\" data-id=\"2dff7fa3\" data-element_type=\"container\" data-e-type=\"container\" data-settings=\"{&quot;background_background&quot;:&quot;classic&quot;}\">\n\t\t\t\t\t<div class=\"e-con-inner\">\n\t\t<div class=\"elementor-element elementor-element-5f2a5513 e-con-full e-flex e-con e-child\" data-id=\"5f2a5513\" data-element_type=\"container\" data-e-type=\"container\">\n\t\t\t\t<div class=\"elementor-element elementor-element-7879b865 elementor-widget elementor-widget-heading\" data-id=\"7879b865\" data-element_type=\"widget\" data-e-type=\"widget\" data-widget_type=\"heading.default\">\n\t\t\t\t<div class=\"elementor-widget-container\">\n\t\t\t\t\t<h2 class=\"elementor-heading-title elementor-size-default\">Shining3D AccuFab-L4K<\/h2>\t\t\t\t<\/div>\n\t\t\t\t<\/div>\n\t\t\t\t<div class=\"elementor-element elementor-element-ce6e9c9 elementor-widget elementor-widget-text-editor\" data-id=\"ce6e9c9\" data-element_type=\"widget\" data-e-type=\"widget\" data-widget_type=\"text-editor.default\">\n\t\t\t\t<div class=\"elementor-widget-container\">\n\t\t\t\t\t\t\t\t\t<p><strong>Shining3D AccuFab-L4K High Precision Stereolithography 3D Printer<\/strong> offre un set completo di caratteristiche e accessori progettati per migliorare l&#8217;efficienza della prototipazione e ridurre il ciclo di sviluppo del prodotto. Di seguito \u00e8 riportata una panoramica completa delle sue specifiche, caratteristiche e applicazioni:<\/p><h3>Specifiche:<\/h3><ul><li><strong>Risoluzione<\/strong>: 3840\u00d72400<\/li><li><strong>Dimensione del pixel<\/strong>: 0.05 mm<\/li><li><strong>Lunghezza d&#8217;onda<\/strong>: 405 nm<\/li><li><strong>Intensit\u00e0 luminosa<\/strong>: 3 mw\/cm\u00b2<\/li><li><strong>Fonte di luce<\/strong>: UV LED + LCD<\/li><li><strong>Volume di stampa<\/strong>: 192 mm \u00d7 120 mm \u00d7 180 mm<\/li><li><strong>Velocit\u00e0 di stampa<\/strong>: 10 &#8211; 50 mm\/h<\/li><li><strong>Tolleranza<\/strong>: \u00b10.05 mm<\/li><li><strong>Spessori degli strati<\/strong>: 0.025 \/ 0.05 \/ 0.075 \/ 0.1 mm<\/li><li><strong>Temperatura di lavoro<\/strong>: 20\u2103 &#8211; 30\u2103<\/li><li><strong>Umidit\u00e0 di lavoro<\/strong>: 30% &#8211; 70%<\/li><li><strong>Interfaccia<\/strong>: Schermo touch da 5&#8243;<\/li><li><strong>Connessione<\/strong>: Wi-Fi\/Ethernet\/Thumbdrive<\/li><li><strong>Peso<\/strong>: 19 kg<\/li><li><strong>Dimensioni<\/strong>: 360 mm \u00d7 360 mm \u00d7 530 mm<\/li><\/ul><h3>Caratteristiche:<\/h3><ul><li><strong>Precisione Incomparabile<\/strong>: Precisione di stampa di livello IT7 per garantire che le dimensioni di stampa corrispondano alle dimensioni del progetto.<\/li><li><strong>Uniformit\u00e0 Eccezionale<\/strong>: L&#8217;uniformit\u00e0 della luminanza raggiunge fino al 90%.<\/li><li><strong>Alta Precisione e Risoluzione di Stampa<\/strong>: Risoluzione 4K per stampe dettagliate.<\/li><li><strong>Stampa di Grande Formato<\/strong>: Supporta la prototipazione rapida con un grande volume di costruzione.<\/li><li><strong>Opzioni Materiali Multiple<\/strong>: Compatibile con una variet\u00e0 di resine, incluse quelle di terze parti.<\/li><li><strong>Affidabilit\u00e0 delle Prestazioni<\/strong>: Testato in condizioni di ingegneria reale con un sistema di raffreddamento a distretto (DCS) che mantiene la temperatura del sistema ottico a 40\u2103.<\/li><li><strong>Componenti di Grado Industriale<\/strong>: Superato 21 rigorosi controlli di fabbrica.<\/li><li><strong>Software Professionale<\/strong>: Plug and play con operazione interattiva guidata, aggiornamenti gratuiti e gestione collaborativa di pi\u00f9 unit\u00e0.<\/li><\/ul><h3>Incluso nel Set:<\/h3><ul><li><strong>1x Resina Gialla Standard Shining3D DM12 (1kg)<\/strong><\/li><li><strong>2x Serbatoio Resina Shining3D (V4)<\/strong><ul><li>1 installato<\/li><li>1 nella confezione originale<\/li><\/ul><\/li><li><strong>Vari strumenti di alta qualit\u00e0<\/strong><\/li><\/ul><h3>Applicazioni e Materiali:<\/h3><ul><li><strong>Resina Standard<\/strong>: Alte prestazioni con buona qualit\u00e0 superficiale, adatta per la prototipazione, l&#8217;ingegneria e la produzione in piccoli lotti.<\/li><li><strong>Resina Lavabile con Acqua<\/strong>: Ecologica, pulibile con acqua, alta qualit\u00e0 superficiale e buone propriet\u00e0 meccaniche.<\/li><li><strong>Resine Dure<\/strong>: Alta resistenza alla trazione e rigidit\u00e0, bassa contrazione e stabilit\u00e0 UV.<\/li><li><strong>Resina Durevole<\/strong>: Resiste alla pressione, adatta per prototipi tecnici che richiedono resistenza temporanea alla pressione o alla tensione.<\/li><li><strong>Resina Flessibile<\/strong>: Morbidezza fine ed elasticit\u00e0, simula scenari di deformazione del prodotto con alta elongazione e forza a lungo termine.<\/li><li><strong>Resina di Grado Medico<\/strong>: Certificata per dispositivi medici, adatta per stampare prodotti medici e ausili di base.<\/li><\/ul><h3>Materiali Compatibili:<\/h3><ul><li><strong>Materiali Shining 3D<\/strong>:<ul><li><strong>Bianco<\/strong>: TR01, S1<\/li><li><strong>Giallo<\/strong>: DM12<\/li><li><strong>Trasparente<\/strong>: SG01<\/li><li><strong>Nero<\/strong>: S2<\/li><li><strong>Lavabile<\/strong>: W1<\/li><\/ul><\/li><li><strong>Materiali BASF<\/strong>:<ul><li><strong>Durevole<\/strong>: ST45, ST80<\/li><li><strong>Rigido<\/strong>: RG35, RG50<\/li><li><strong>Flessibile<\/strong>: FL60, EL150<\/li><\/ul><\/li><li><strong>Resine di Terze Parti Certificate<\/strong>: Approvate per l&#8217;uso nella stampante AccuFab-L4K.<\/li><\/ul><p>La stampante 3D Shining3D AccuFab-L4K \u00e8 una scelta eccellente per i professionisti che cercano alta precisione, affidabilit\u00e0 e versatilit\u00e0 nelle loro esigenze di stampa 3D.<\/p>\t\t\t\t\t\t\t\t<\/div>\n\t\t\t\t<\/div>\n\t\t\t\t<\/div>\n\t\t<div class=\"elementor-element elementor-element-54184fa3 e-con-full e-flex e-con e-child\" data-id=\"54184fa3\" data-element_type=\"container\" data-e-type=\"container\">\n\t\t\t\t<div class=\"elementor-element elementor-element-2ce6fd60 elementor-widget elementor-widget-image\" data-id=\"2ce6fd60\" data-element_type=\"widget\" data-e-type=\"widget\" data-widget_type=\"image.default\">\n\t\t\t\t<div class=\"elementor-widget-container\">\n\t\t\t\t\t\t\t\t\t\t\t\t\t\t\t<img fetchpriority=\"high\" decoding=\"async\" width=\"778\" height=\"516\" src=\"https:\/\/www.industrialserviceparts.it\/wp-content\/uploads\/2024\/05\/Shining3D-AccuFab-L4K-3D-Drucker-multiple-material-options.webp\" class=\"attachment-large size-large wp-image-6804\" alt=\"-\" srcset=\"https:\/\/www.industrialserviceparts.it\/wp-content\/uploads\/2024\/05\/Shining3D-AccuFab-L4K-3D-Drucker-multiple-material-options.webp 778w, https:\/\/www.industrialserviceparts.it\/wp-content\/uploads\/2024\/05\/Shining3D-AccuFab-L4K-3D-Drucker-multiple-material-options-300x199.webp 300w, https:\/\/www.industrialserviceparts.it\/wp-content\/uploads\/2024\/05\/Shining3D-AccuFab-L4K-3D-Drucker-multiple-material-options-768x509.webp 768w, https:\/\/www.industrialserviceparts.it\/wp-content\/uploads\/2024\/05\/Shining3D-AccuFab-L4K-3D-Drucker-multiple-material-options-600x398.webp 600w\" sizes=\"(max-width: 778px) 100vw, 778px\" title=\"-\">\t\t\t\t\t\t\t\t\t\t\t\t\t\t\t<\/div>\n\t\t\t\t<\/div>\n\t\t\t\t<div class=\"elementor-element elementor-element-05e3124 elementor-widget elementor-widget-image\" data-id=\"05e3124\" data-element_type=\"widget\" data-e-type=\"widget\" data-widget_type=\"image.default\">\n\t\t\t\t<div class=\"elementor-widget-container\">\n\t\t\t\t\t\t\t\t\t\t\t\t\t\t\t<img decoding=\"async\" width=\"776\" height=\"514\" src=\"https:\/\/www.industrialserviceparts.it\/wp-content\/uploads\/2024\/05\/Shining3D-AccuFab-L4K-3D-Drucker-large-print-size.webp\" class=\"attachment-large size-large wp-image-6803\" alt=\"-\" srcset=\"https:\/\/www.industrialserviceparts.it\/wp-content\/uploads\/2024\/05\/Shining3D-AccuFab-L4K-3D-Drucker-large-print-size.webp 776w, https:\/\/www.industrialserviceparts.it\/wp-content\/uploads\/2024\/05\/Shining3D-AccuFab-L4K-3D-Drucker-large-print-size-300x199.webp 300w, https:\/\/www.industrialserviceparts.it\/wp-content\/uploads\/2024\/05\/Shining3D-AccuFab-L4K-3D-Drucker-large-print-size-768x509.webp 768w, https:\/\/www.industrialserviceparts.it\/wp-content\/uploads\/2024\/05\/Shining3D-AccuFab-L4K-3D-Drucker-large-print-size-600x397.webp 600w\" sizes=\"(max-width: 776px) 100vw, 776px\" title=\"-\">\t\t\t\t\t\t\t\t\t\t\t\t\t\t\t<\/div>\n\t\t\t\t<\/div>\n\t\t\t\t<div class=\"elementor-element elementor-element-083a8e0 elementor-widget elementor-widget-image\" data-id=\"083a8e0\" data-element_type=\"widget\" data-e-type=\"widget\" data-widget_type=\"image.default\">\n\t\t\t\t<div class=\"elementor-widget-container\">\n\t\t\t\t\t\t\t\t\t\t\t\t\t\t\t<img decoding=\"async\" width=\"778\" height=\"515\" src=\"https:\/\/www.industrialserviceparts.it\/wp-content\/uploads\/2024\/05\/Shining3D-AccuFab-L4K-3D-Drucker-4k-resolution.webp\" class=\"attachment-large size-large wp-image-6802\" alt=\"-\" srcset=\"https:\/\/www.industrialserviceparts.it\/wp-content\/uploads\/2024\/05\/Shining3D-AccuFab-L4K-3D-Drucker-4k-resolution.webp 778w, https:\/\/www.industrialserviceparts.it\/wp-content\/uploads\/2024\/05\/Shining3D-AccuFab-L4K-3D-Drucker-4k-resolution-300x199.webp 300w, https:\/\/www.industrialserviceparts.it\/wp-content\/uploads\/2024\/05\/Shining3D-AccuFab-L4K-3D-Drucker-4k-resolution-768x508.webp 768w, https:\/\/www.industrialserviceparts.it\/wp-content\/uploads\/2024\/05\/Shining3D-AccuFab-L4K-3D-Drucker-4k-resolution-600x397.webp 600w\" sizes=\"(max-width: 778px) 100vw, 778px\" title=\"-\">\t\t\t\t\t\t\t\t\t\t\t\t\t\t\t<\/div>\n\t\t\t\t<\/div>\n\t\t\t\t<\/div>\n\t\t\t\t\t<\/div>\n\t\t\t\t<\/div>\n\t\t\t\t<\/div>\n\t\t","protected":false},"excerpt":{"rendered":"<p><strong>Shining3D AccuFab-L4K<\/strong> \u00e8 una stampante 3D a Resina ad alta precisione che utilizza la tecnologia della stereolitografia per offrire risultati di stampa dettagliati e affidabili. Con un volume di stampa di 192 \u00d7 120 \u00d7 180 mm, risoluzione 4K e spessori degli strati fino a 0,025 mm, questa stampante \u00e8 ideale per la prototipazione rapida e lo sviluppo di prodotti.<\/p>\n<ul>\n<li><strong>Alta Precisione<\/strong>: Livello di accuratezza IT7 per garantire che le dimensioni di stampa corrispondano esattamente al design.<\/li>\n<li><strong>Uniformit\u00e0 Elevata<\/strong>: Luminanza uniforme fino al 90%.<\/li>\n<li><strong>Risoluzione 4K<\/strong>: Garantisce stampe dettagliate e di alta qualit\u00e0.<\/li>\n<li><strong>Ampia Compatibilit\u00e0<\/strong>: Supporta una vasta gamma di resine, comprese quelle di terze parti.<\/li>\n<li><strong>Affidabilit\u00e0 e Robustezza<\/strong>: Testata in condizioni di ingegneria reali con un sistema di raffreddamento integrato che prolunga la durata della stampante.<\/li>\n<li><strong>Software Professionale<\/strong>: Facile da usare, con aggiornamenti gratuiti e gestione collaborativa per produzioni in piccoli lotti.<\/li>\n<\/ul>\n<p>&nbsp;<\/p>\n<p>La <strong>Shining3D AccuFab-L4K<\/strong> rappresenta la soluzione ideale per chi cerca precisione e affidabilit\u00e0 nella stampa 3D, offrendo versatilit\u00e0 e facilit\u00e0 d&#8217;uso per un&#8217;ampia gamma di applicazioni.<\/p>\n","protected":false},"featured_media":3781,"template":"","meta":[],"product_brand":[],"product_cat":[80,384,84],"product_tag":[],"class_list":{"0":"post-3768","1":"product","2":"type-product","3":"status-publish","4":"has-post-thumbnail","6":"product_cat-stampanti-3d","7":"product_cat-shining-stampanti-3d","8":"product_cat-stampanti-3d-a-resina","10":"first","11":"instock","12":"sale","13":"taxable","14":"shipping-taxable","15":"purchasable","16":"product-type-simple"},"_links":{"self":[{"href":"https:\/\/www.industrialserviceparts.it\/en\/wp-json\/wp\/v2\/product\/3768","targetHints":{"allow":["GET"]}}],"collection":[{"href":"https:\/\/www.industrialserviceparts.it\/en\/wp-json\/wp\/v2\/product"}],"about":[{"href":"https:\/\/www.industrialserviceparts.it\/en\/wp-json\/wp\/v2\/types\/product"}],"version-history":[{"count":24,"href":"https:\/\/www.industrialserviceparts.it\/en\/wp-json\/wp\/v2\/product\/3768\/revisions"}],"predecessor-version":[{"id":5502,"href":"https:\/\/www.industrialserviceparts.it\/en\/wp-json\/wp\/v2\/product\/3768\/revisions\/5502"}],"wp:featuredmedia":[{"embeddable":true,"href":"https:\/\/www.industrialserviceparts.it\/en\/wp-json\/wp\/v2\/media\/3781"}],"wp:attachment":[{"href":"https:\/\/www.industrialserviceparts.it\/en\/wp-json\/wp\/v2\/media?parent=3768"}],"wp:term":[{"taxonomy":"product_brand","embeddable":true,"href":"https:\/\/www.industrialserviceparts.it\/en\/wp-json\/wp\/v2\/product_brand?post=3768"},{"taxonomy":"product_cat","embeddable":true,"href":"https:\/\/www.industrialserviceparts.it\/en\/wp-json\/wp\/v2\/product_cat?post=3768"},{"taxonomy":"product_tag","embeddable":true,"href":"https:\/\/www.industrialserviceparts.it\/en\/wp-json\/wp\/v2\/product_tag?post=3768"}],"curies":[{"name":"wp","href":"https:\/\/api.w.org\/{rel}","templated":true}]}}